{"id":10,"date":"2024-12-14T18:11:15","date_gmt":"2024-12-14T18:11:15","guid":{"rendered":"https:\/\/serwisujrower.podhale.pl\/?page_id=10"},"modified":"2025-04-13T19:42:23","modified_gmt":"2025-04-13T19:42:23","slug":"informacje","status":"publish","type":"page","link":"https:\/\/serwisujrower.podhale.pl\/index.php\/informacje\/","title":{"rendered":"Informacje"},"content":{"rendered":"\n<p><br><br><br><strong>Wykonuje przegl\u0105dy przedsezonowe,<\/strong> sprawdzam ka\u017cdy element roweru aby jazda na rowerowym szlaku by\u0142a bezpieczna.<\/p>\n\n\n\n<p><em>Serwisuje rowery<\/em> g\u00f3rskie mtb, <strong>gravele,<\/strong> trekkingowe, crossowe, fitnes, miejskie<\/p>\n\n\n\n<p><strong>Sk\u0142adam fabrycznie nowe rowery.<\/strong><\/p>\n\n\n\n<p>Wymieniam d\u0119tki, opony, kasety, wolnobiegi, \u0142a\u0144cuchy, suporty, pancerze, linki, <strong>reguluje przerzutki,<\/strong> ustawiam hamulce, montuje liczniki, b\u0142otniki, lampki itp.<\/p>\n\n\n\n<p>Je\u017celi zajdzie taka potrzeba wymieni\u0119 ka\u017cdy podzesp\u00f3\u0142 roweru odpowiednio dobrany, <strong>aby jazda na rowerowych szlakach by\u0142a przyjemno\u015bci\u0105<\/strong><\/p>\n\n\n\n<p>Sk\u0142adanie, wymiana, monta\u017c, <strong>przegl\u0105dy sezonowe<\/strong><\/p>\n\n\n\n<p><strong>UWAGA !!!<\/strong><\/p>\n\n\n\n<p><mark style=\"background-color:rgba(var(--kubio-color-1), 1)\" class=\"has-inline-color has-kubio-color-5-color\">Nie naprawiam rower\u00f3w elektrycznych.<\/mark><\/p>\n\n\n\n<p><em>Czas realizacji serwisu <\/em>uzale\u017cniony jest od pory sezonu (kolejka) oraz od dost\u0119pno\u015bci cz\u0119\u015bci<\/p>\n\n\n","protected":false},"excerpt":{"rendered":"<p>Wykonuje przegl\u0105dy przedsezonowe, sprawdzam ka\u017cdy element roweru aby jazda na rowerowym szlaku by\u0142a bezpieczna. Serwisuje rowery g\u00f3rskie mtb, gravele, trekkingowe, crossowe, fitnes, miejskie Sk\u0142adam fabrycznie nowe rowery. Wymieniam d\u0119tki, opony, &hellip; <\/p>\n","protected":false},"author":1,"featured_media":170,"parent":0,"menu_order":0,"comment_status":"closed","ping_status":"closed","template":"","meta":{"saved_in_kubio":true,"footnotes":""},"class_list":["post-10","page","type-page","status-publish","has-post-thumbnail","hentry"],"kubio_ai_page_context":{"short_desc":"","purpose":"general"},"yoast_head":"<!-- This site is optimized with the Yoast SEO plugin v27.4 - https:\/\/yoast.com\/product\/yoast-seo-wordpress\/ -->\n<title>Informacje - Serwisuj rower<\/title>\n<meta name=\"robots\" content=\"index, follow, max-snippet:-1, max-image-preview:large, max-video-preview:-1\" \/>\n<link rel=\"canonical\" href=\"https:\/\/serwisujrower.podhale.pl\/index.php\/informacje\/\" \/>\n<meta property=\"og:locale\" content=\"pl_PL\" \/>\n<meta property=\"og:type\" content=\"article\" \/>\n<meta property=\"og:title\" content=\"Informacje - Serwisuj rower\" \/>\n<meta property=\"og:description\" content=\"Wykonuje przegl\u0105dy przedsezonowe, sprawdzam ka\u017cdy element roweru aby jazda na rowerowym szlaku by\u0142a bezpieczna. Serwisuje rowery g\u00f3rskie mtb, gravele, trekkingowe, crossowe, fitnes, miejskie Sk\u0142adam fabrycznie nowe rowery. Wymieniam d\u0119tki, opony, &hellip;\" \/>\n<meta property=\"og:url\" content=\"https:\/\/serwisujrower.podhale.pl\/index.php\/informacje\/\" \/>\n<meta property=\"og:site_name\" content=\"Serwisuj rower\" \/>\n<meta property=\"article:modified_time\" content=\"2025-04-13T19:42:23+00:00\" \/>\n<meta property=\"og:image\" content=\"https:\/\/serwisujrower.podhale.pl\/wp-content\/uploads\/2025\/03\/cropped-BANER-ROWER-15-ME-1-1-scaled-5.jpg\" \/>\n\t<meta property=\"og:image:width\" content=\"2103\" \/>\n\t<meta property=\"og:image:height\" content=\"465\" \/>\n\t<meta property=\"og:image:type\" content=\"image\/jpeg\" \/>\n<meta name=\"twitter:card\" content=\"summary_large_image\" \/>\n<meta name=\"twitter:label1\" content=\"Szacowany czas czytania\" \/>\n\t<meta name=\"twitter:data1\" content=\"1 minuta\" \/>\n<script type=\"application\/ld+json\" class=\"yoast-schema-graph\">{\"@context\":\"https:\\\/\\\/schema.org\",\"@graph\":[{\"@type\":\"WebPage\",\"@id\":\"https:\\\/\\\/serwisujrower.podhale.pl\\\/index.php\\\/informacje\\\/\",\"url\":\"https:\\\/\\\/serwisujrower.podhale.pl\\\/index.php\\\/informacje\\\/\",\"name\":\"Informacje - Serwisuj rower\",\"isPartOf\":{\"@id\":\"https:\\\/\\\/serwisujrower.podhale.pl\\\/#website\"},\"primaryImageOfPage\":{\"@id\":\"https:\\\/\\\/serwisujrower.podhale.pl\\\/index.php\\\/informacje\\\/#primaryimage\"},\"image\":{\"@id\":\"https:\\\/\\\/serwisujrower.podhale.pl\\\/index.php\\\/informacje\\\/#primaryimage\"},\"thumbnailUrl\":\"https:\\\/\\\/serwisujrower.podhale.pl\\\/wp-content\\\/uploads\\\/2025\\\/03\\\/cropped-BANER-ROWER-15-ME-1-1-scaled-5.jpg\",\"datePublished\":\"2024-12-14T18:11:15+00:00\",\"dateModified\":\"2025-04-13T19:42:23+00:00\",\"breadcrumb\":{\"@id\":\"https:\\\/\\\/serwisujrower.podhale.pl\\\/index.php\\\/informacje\\\/#breadcrumb\"},\"inLanguage\":\"pl-PL\",\"potentialAction\":[{\"@type\":\"ReadAction\",\"target\":[\"https:\\\/\\\/serwisujrower.podhale.pl\\\/index.php\\\/informacje\\\/\"]}]},{\"@type\":\"ImageObject\",\"inLanguage\":\"pl-PL\",\"@id\":\"https:\\\/\\\/serwisujrower.podhale.pl\\\/index.php\\\/informacje\\\/#primaryimage\",\"url\":\"https:\\\/\\\/serwisujrower.podhale.pl\\\/wp-content\\\/uploads\\\/2025\\\/03\\\/cropped-BANER-ROWER-15-ME-1-1-scaled-5.jpg\",\"contentUrl\":\"https:\\\/\\\/serwisujrower.podhale.pl\\\/wp-content\\\/uploads\\\/2025\\\/03\\\/cropped-BANER-ROWER-15-ME-1-1-scaled-5.jpg\",\"width\":2103,\"height\":465},{\"@type\":\"BreadcrumbList\",\"@id\":\"https:\\\/\\\/serwisujrower.podhale.pl\\\/index.php\\\/informacje\\\/#breadcrumb\",\"itemListElement\":[{\"@type\":\"ListItem\",\"position\":1,\"name\":\"Strona g\u0142\u00f3wna\",\"item\":\"https:\\\/\\\/serwisujrower.podhale.pl\\\/\"},{\"@type\":\"ListItem\",\"position\":2,\"name\":\"Informacje\"}]},{\"@type\":\"WebSite\",\"@id\":\"https:\\\/\\\/serwisujrower.podhale.pl\\\/#website\",\"url\":\"https:\\\/\\\/serwisujrower.podhale.pl\\\/\",\"name\":\"Serwisuj rower\",\"description\":\"Ruszaj bezpiecznie na rowerowe szlaki\",\"publisher\":{\"@id\":\"https:\\\/\\\/serwisujrower.podhale.pl\\\/#organization\"},\"potentialAction\":[{\"@type\":\"SearchAction\",\"target\":{\"@type\":\"EntryPoint\",\"urlTemplate\":\"https:\\\/\\\/serwisujrower.podhale.pl\\\/?s={search_term_string}\"},\"query-input\":{\"@type\":\"PropertyValueSpecification\",\"valueRequired\":true,\"valueName\":\"search_term_string\"}}],\"inLanguage\":\"pl-PL\"},{\"@type\":\"Organization\",\"@id\":\"https:\\\/\\\/serwisujrower.podhale.pl\\\/#organization\",\"name\":\"Serwisuj rower\",\"url\":\"https:\\\/\\\/serwisujrower.podhale.pl\\\/\",\"logo\":{\"@type\":\"ImageObject\",\"inLanguage\":\"pl-PL\",\"@id\":\"https:\\\/\\\/serwisujrower.podhale.pl\\\/#\\\/schema\\\/logo\\\/image\\\/\",\"url\":\"https:\\\/\\\/serwisujrower.podhale.pl\\\/wp-content\\\/uploads\\\/2025\\\/03\\\/cropped-BANER-ROWER-15-ME-1-1-scaled-5.jpg\",\"contentUrl\":\"https:\\\/\\\/serwisujrower.podhale.pl\\\/wp-content\\\/uploads\\\/2025\\\/03\\\/cropped-BANER-ROWER-15-ME-1-1-scaled-5.jpg\",\"width\":2103,\"height\":465,\"caption\":\"Serwisuj rower\"},\"image\":{\"@id\":\"https:\\\/\\\/serwisujrower.podhale.pl\\\/#\\\/schema\\\/logo\\\/image\\\/\"}}]}<\/script>\n<!-- \/ Yoast SEO plugin. -->","yoast_head_json":{"title":"Informacje - Serwisuj rower","robots":{"index":"index","follow":"follow","max-snippet":"max-snippet:-1","max-image-preview":"max-image-preview:large","max-video-preview":"max-video-preview:-1"},"canonical":"https:\/\/serwisujrower.podhale.pl\/index.php\/informacje\/","og_locale":"pl_PL","og_type":"article","og_title":"Informacje - Serwisuj rower","og_description":"Wykonuje przegl\u0105dy przedsezonowe, sprawdzam ka\u017cdy element roweru aby jazda na rowerowym szlaku by\u0142a bezpieczna. Serwisuje rowery g\u00f3rskie mtb, gravele, trekkingowe, crossowe, fitnes, miejskie Sk\u0142adam fabrycznie nowe rowery. Wymieniam d\u0119tki, opony, &hellip;","og_url":"https:\/\/serwisujrower.podhale.pl\/index.php\/informacje\/","og_site_name":"Serwisuj rower","article_modified_time":"2025-04-13T19:42:23+00:00","og_image":[{"width":2103,"height":465,"url":"https:\/\/serwisujrower.podhale.pl\/wp-content\/uploads\/2025\/03\/cropped-BANER-ROWER-15-ME-1-1-scaled-5.jpg","type":"image\/jpeg"}],"twitter_card":"summary_large_image","twitter_misc":{"Szacowany czas czytania":"1 minuta"},"schema":{"@context":"https:\/\/schema.org","@graph":[{"@type":"WebPage","@id":"https:\/\/serwisujrower.podhale.pl\/index.php\/informacje\/","url":"https:\/\/serwisujrower.podhale.pl\/index.php\/informacje\/","name":"Informacje - Serwisuj rower","isPartOf":{"@id":"https:\/\/serwisujrower.podhale.pl\/#website"},"primaryImageOfPage":{"@id":"https:\/\/serwisujrower.podhale.pl\/index.php\/informacje\/#primaryimage"},"image":{"@id":"https:\/\/serwisujrower.podhale.pl\/index.php\/informacje\/#primaryimage"},"thumbnailUrl":"https:\/\/serwisujrower.podhale.pl\/wp-content\/uploads\/2025\/03\/cropped-BANER-ROWER-15-ME-1-1-scaled-5.jpg","datePublished":"2024-12-14T18:11:15+00:00","dateModified":"2025-04-13T19:42:23+00:00","breadcrumb":{"@id":"https:\/\/serwisujrower.podhale.pl\/index.php\/informacje\/#breadcrumb"},"inLanguage":"pl-PL","potentialAction":[{"@type":"ReadAction","target":["https:\/\/serwisujrower.podhale.pl\/index.php\/informacje\/"]}]},{"@type":"ImageObject","inLanguage":"pl-PL","@id":"https:\/\/serwisujrower.podhale.pl\/index.php\/informacje\/#primaryimage","url":"https:\/\/serwisujrower.podhale.pl\/wp-content\/uploads\/2025\/03\/cropped-BANER-ROWER-15-ME-1-1-scaled-5.jpg","contentUrl":"https:\/\/serwisujrower.podhale.pl\/wp-content\/uploads\/2025\/03\/cropped-BANER-ROWER-15-ME-1-1-scaled-5.jpg","width":2103,"height":465},{"@type":"BreadcrumbList","@id":"https:\/\/serwisujrower.podhale.pl\/index.php\/informacje\/#breadcrumb","itemListElement":[{"@type":"ListItem","position":1,"name":"Strona g\u0142\u00f3wna","item":"https:\/\/serwisujrower.podhale.pl\/"},{"@type":"ListItem","position":2,"name":"Informacje"}]},{"@type":"WebSite","@id":"https:\/\/serwisujrower.podhale.pl\/#website","url":"https:\/\/serwisujrower.podhale.pl\/","name":"Serwisuj rower","description":"Ruszaj bezpiecznie na rowerowe szlaki","publisher":{"@id":"https:\/\/serwisujrower.podhale.pl\/#organization"},"potentialAction":[{"@type":"SearchAction","target":{"@type":"EntryPoint","urlTemplate":"https:\/\/serwisujrower.podhale.pl\/?s={search_term_string}"},"query-input":{"@type":"PropertyValueSpecification","valueRequired":true,"valueName":"search_term_string"}}],"inLanguage":"pl-PL"},{"@type":"Organization","@id":"https:\/\/serwisujrower.podhale.pl\/#organization","name":"Serwisuj rower","url":"https:\/\/serwisujrower.podhale.pl\/","logo":{"@type":"ImageObject","inLanguage":"pl-PL","@id":"https:\/\/serwisujrower.podhale.pl\/#\/schema\/logo\/image\/","url":"https:\/\/serwisujrower.podhale.pl\/wp-content\/uploads\/2025\/03\/cropped-BANER-ROWER-15-ME-1-1-scaled-5.jpg","contentUrl":"https:\/\/serwisujrower.podhale.pl\/wp-content\/uploads\/2025\/03\/cropped-BANER-ROWER-15-ME-1-1-scaled-5.jpg","width":2103,"height":465,"caption":"Serwisuj rower"},"image":{"@id":"https:\/\/serwisujrower.podhale.pl\/#\/schema\/logo\/image\/"}}]}},"_links":{"self":[{"href":"https:\/\/serwisujrower.podhale.pl\/index.php\/wp-json\/wp\/v2\/pages\/10","targetHints":{"allow":["GET"]}}],"collection":[{"href":"https:\/\/serwisujrower.podhale.pl\/index.php\/wp-json\/wp\/v2\/pages"}],"about":[{"href":"https:\/\/serwisujrower.podhale.pl\/index.php\/wp-json\/wp\/v2\/types\/page"}],"author":[{"embeddable":true,"href":"https:\/\/serwisujrower.podhale.pl\/index.php\/wp-json\/wp\/v2\/users\/1"}],"replies":[{"embeddable":true,"href":"https:\/\/serwisujrower.podhale.pl\/index.php\/wp-json\/wp\/v2\/comments?post=10"}],"version-history":[{"count":36,"href":"https:\/\/serwisujrower.podhale.pl\/index.php\/wp-json\/wp\/v2\/pages\/10\/revisions"}],"predecessor-version":[{"id":529,"href":"https:\/\/serwisujrower.podhale.pl\/index.php\/wp-json\/wp\/v2\/pages\/10\/revisions\/529"}],"wp:featuredmedia":[{"embeddable":true,"href":"https:\/\/serwisujrower.podhale.pl\/index.php\/wp-json\/wp\/v2\/media\/170"}],"wp:attachment":[{"href":"https:\/\/serwisujrower.podhale.pl\/index.php\/wp-json\/wp\/v2\/media?parent=10"}],"curies":[{"name":"wp","href":"https:\/\/api.w.org\/{rel}","templated":true}]}}